{"id":846,"date":"2024-01-25T14:51:47","date_gmt":"2024-01-25T13:51:47","guid":{"rendered":"https:\/\/reidartonnessen.no\/?page_id=846"},"modified":"2024-03-11T13:42:56","modified_gmt":"2024-03-11T12:42:56","slug":"varmepumper","status":"publish","type":"page","link":"https:\/\/reidartonnessen.no\/?page_id=846","title":{"rendered":"Varmepumper"},"content":{"rendered":"\t\t<div data-elementor-type=\"wp-page\" data-elementor-id=\"846\" class=\"elementor elementor-846\" data-elementor-post-type=\"page\">\n\t\t\t\t<div class=\"elementor-element elementor-element-5588b3f e-flex e-con-boxed e-con e-parent\" data-id=\"5588b3f\" data-element_type=\"container\" data-e-type=\"container\" data-settings=\"{&quot;background_background&quot;:&quot;classic&quot;}\">\n\t\t\t\t\t<div class=\"e-con-inner\">\n\t\t<div class=\"elementor-element elementor-element-37e444a e-flex e-con-boxed e-con e-child\" data-id=\"37e444a\" data-element_type=\"container\" data-e-type=\"container\">\n\t\t\t\t\t<div class=\"e-con-inner\">\n\t\t\t\t<div class=\"elementor-element elementor-element-151aace elementor-widget elementor-widget-heading\" data-id=\"151aace\" data-element_type=\"widget\" data-e-type=\"widget\" data-widget_type=\"heading.default\">\n\t\t\t\t<div class=\"elementor-widget-container\">\n\t\t\t\t\t<h2 class=\"elementor-heading-title elementor-size-default\">Varmepumper<\/h2>\t\t\t\t<\/div>\n\t\t\t\t<\/div>\n\t\t\t\t\t<\/div>\n\t\t\t\t<\/div>\n\t\t\t\t\t<\/div>\n\t\t\t\t<\/div>\n\t\t<div class=\"elementor-element elementor-element-0365d4f e-con-full e-flex e-con e-parent\" data-id=\"0365d4f\" data-element_type=\"container\" data-e-type=\"container\">\n\t\t<div class=\"elementor-element elementor-element-3a87ed9 e-con-full e-flex e-con e-child\" data-id=\"3a87ed9\" data-element_type=\"container\" data-e-type=\"container\" data-settings=\"{&quot;background_background&quot;:&quot;classic&quot;}\">\n\t\t\t\t<div class=\"elementor-element elementor-element-a4282b3 elementor-widget elementor-widget-heading\" data-id=\"a4282b3\" data-element_type=\"widget\" data-e-type=\"widget\" data-widget_type=\"heading.default\">\n\t\t\t\t<div class=\"elementor-widget-container\">\n\t\t\t\t\t<h5 class=\"elementor-heading-title elementor-size-default\">Reidar T\u00f8nnessen<\/h5>\t\t\t\t<\/div>\n\t\t\t\t<\/div>\n\t\t\t\t<div class=\"elementor-element elementor-element-7574c3d elementor-widget elementor-widget-heading\" data-id=\"7574c3d\" data-element_type=\"widget\" data-e-type=\"widget\" data-widget_type=\"heading.default\">\n\t\t\t\t<div class=\"elementor-widget-container\">\n\t\t\t\t\t<h2 class=\"elementor-heading-title elementor-size-default\">Varmepumper<\/h2>\t\t\t\t<\/div>\n\t\t\t\t<\/div>\n\t\t\t\t<div class=\"elementor-element elementor-element-77934b4 elementor-widget elementor-widget-text-editor\" data-id=\"77934b4\" data-element_type=\"widget\" data-e-type=\"widget\" data-widget_type=\"text-editor.default\">\n\t\t\t\t<div class=\"elementor-widget-container\">\n\t\t\t\t\t\t\t\t\t<p>\u00d8nsker du en energieffektiv og milj\u00f8vennlig m\u00e5te \u00e5 holde hjemmet ditt varmt p\u00e5? Da er varmepumper l\u00f8sningen, og hos oss er vi eksperter p\u00e5 installasjon og service!<\/p><p>Varmepumper gir jevn og behagelig oppvarming, samtidig som de ogs\u00e5 fungerer som effektive kj\u00f8lesystemer om sommeren. Nyt et optimalt inneklima \u00e5ret rundt! Kontakt oss i dag for en uforpliktende samtale!<\/p>\t\t\t\t\t\t\t\t<\/div>\n\t\t\t\t<\/div>\n\t\t\t\t<\/div>\n\t\t<div class=\"elementor-element elementor-element-4709dc8 e-con-full e-flex e-con e-child\" data-id=\"4709dc8\" data-element_type=\"container\" data-e-type=\"container\" data-settings=\"{&quot;background_background&quot;:&quot;classic&quot;}\">\n\t\t\t\t<\/div>\n\t\t\t\t<\/div>\n\t\t<div class=\"elementor-element elementor-element-ae56a5f e-flex e-con-boxed e-con e-parent\" data-id=\"ae56a5f\" data-element_type=\"container\" data-e-type=\"container\">\n\t\t\t\t\t<div class=\"e-con-inner\">\n\t\t<div class=\"elementor-element elementor-element-65d2aca e-con-full e-flex e-con e-child\" data-id=\"65d2aca\" data-element_type=\"container\" data-e-type=\"container\">\n\t\t\t\t<div class=\"elementor-element elementor-element-7cc7556 elementor-view-stacked elementor-shape-square elementor-position-block-start elementor-mobile-position-block-start elementor-widget elementor-widget-icon-box\" data-id=\"7cc7556\" data-element_type=\"widget\" data-e-type=\"widget\" data-widget_type=\"icon-box.default\">\n\t\t\t\t<div class=\"elementor-widget-container\">\n\t\t\t\t\t\t\t<div class=\"elementor-icon-box-wrapper\">\n\n\t\t\t\t\t\t<div class=\"elementor-icon-box-icon\">\n\t\t\t\t<span  class=\"elementor-icon\">\n\t\t\t\t<svg aria-hidden=\"true\" class=\"e-font-icon-svg e-fas-tools\" viewBox=\"0 0 512 512\" xmlns=\"http:\/\/www.w3.org\/2000\/svg\"><path d=\"M501.1 395.7L384 278.6c-23.1-23.1-57.6-27.6-85.4-13.9L192 158.1V96L64 0 0 64l96 128h62.1l106.6 106.6c-13.6 27.8-9.2 62.3 13.9 85.4l117.1 117.1c14.6 14.6 38.2 14.6 52.7 0l52.7-52.7c14.5-14.6 14.5-38.2 0-52.7zM331.7 225c28.3 0 54.9 11 74.9 31l19.4 19.4c15.8-6.9 30.8-16.5 43.8-29.5 37.1-37.1 49.7-89.3 37.9-136.7-2.2-9-13.5-12.1-20.1-5.5l-74.4 74.4-67.9-11.3L334 98.9l74.4-74.4c6.6-6.6 3.4-17.9-5.7-20.2-47.4-11.7-99.6.9-136.6 37.9-28.5 28.5-41.9 66.1-41.2 103.6l82.1 82.1c8.1-1.9 16.5-2.9 24.7-2.9zm-103.9 82l-56.7-56.7L18.7 402.8c-25 25-25 65.5 0 90.5s65.5 25 90.5 0l123.6-123.6c-7.6-19.9-9.9-41.6-5-62.7zM64 472c-13.2 0-24-10.8-24-24 0-13.3 10.7-24 24-24s24 10.7 24 24c0 13.2-10.7 24-24 24z\"><\/path><\/svg>\t\t\t\t<\/span>\n\t\t\t<\/div>\n\t\t\t\n\t\t\t\t\t\t<div class=\"elementor-icon-box-content\">\n\n\t\t\t\t\t\t\t\t\t<h4 class=\"elementor-icon-box-title\">\n\t\t\t\t\t\t<span  >\n\t\t\t\t\t\t\tErfaring\t\t\t\t\t\t<\/span>\n\t\t\t\t\t<\/h4>\n\t\t\t\t\n\t\t\t\t\t\t\t\t\t<p class=\"elementor-icon-box-description\">\n\t\t\t\t\t\tMed over 90 \u00e5rs erfaring er vi forpliktet til \u00e5 fortsette \u00e5 v\u00e6re bransjeledende.\t\t\t\t\t<\/p>\n\t\t\t\t\n\t\t\t<\/div>\n\t\t\t\n\t\t<\/div>\n\t\t\t\t\t\t<\/div>\n\t\t\t\t<\/div>\n\t\t\t\t<\/div>\n\t\t<div class=\"elementor-element elementor-element-7072c4d e-con-full e-flex e-con e-child\" data-id=\"7072c4d\" data-element_type=\"container\" data-e-type=\"container\">\n\t\t\t\t<div class=\"elementor-element elementor-element-de76b9a elementor-view-stacked elementor-shape-square elementor-position-block-start elementor-mobile-position-block-start elementor-widget elementor-widget-icon-box\" data-id=\"de76b9a\" data-element_type=\"widget\" data-e-type=\"widget\" data-widget_type=\"icon-box.default\">\n\t\t\t\t<div class=\"elementor-widget-container\">\n\t\t\t\t\t\t\t<div class=\"elementor-icon-box-wrapper\">\n\n\t\t\t\t\t\t<div class=\"elementor-icon-box-icon\">\n\t\t\t\t<span  class=\"elementor-icon\">\n\t\t\t\t<svg aria-hidden=\"true\" class=\"e-font-icon-svg e-fas-handshake\" viewBox=\"0 0 640 512\" xmlns=\"http:\/\/www.w3.org\/2000\/svg\"><path d=\"M434.7 64h-85.9c-8 0-15.7 3-21.6 8.4l-98.3 90c-.1.1-.2.3-.3.4-16.6 15.6-16.3 40.5-2.1 56 12.7 13.9 39.4 17.6 56.1 2.7.1-.1.3-.1.4-.2l79.9-73.2c6.5-5.9 16.7-5.5 22.6 1 6 6.5 5.5 16.6-1 22.6l-26.1 23.9L504 313.8c2.9 2.4 5.5 5 7.9 7.7V128l-54.6-54.6c-5.9-6-14.1-9.4-22.6-9.4zM544 128.2v223.9c0 17.7 14.3 32 32 32h64V128.2h-96zm48 223.9c-8.8 0-16-7.2-16-16s7.2-16 16-16 16 7.2 16 16-7.2 16-16 16zM0 384h64c17.7 0 32-14.3 32-32V128.2H0V384zm48-63.9c8.8 0 16 7.2 16 16s-7.2 16-16 16-16-7.2-16-16c0-8.9 7.2-16 16-16zm435.9 18.6L334.6 217.5l-30 27.5c-29.7 27.1-75.2 24.5-101.7-4.4-26.9-29.4-24.8-74.9 4.4-101.7L289.1 64h-83.8c-8.5 0-16.6 3.4-22.6 9.4L128 128v223.9h18.3l90.5 81.9c27.4 22.3 67.7 18.1 90-9.3l.2-.2 17.9 15.5c15.9 13 39.4 10.5 52.3-5.4l31.4-38.6 5.4 4.4c13.7 11.1 33.9 9.1 45-4.7l9.5-11.7c11.2-13.8 9.1-33.9-4.6-45.1z\"><\/path><\/svg>\t\t\t\t<\/span>\n\t\t\t<\/div>\n\t\t\t\n\t\t\t\t\t\t<div class=\"elementor-icon-box-content\">\n\n\t\t\t\t\t\t\t\t\t<h4 class=\"elementor-icon-box-title\">\n\t\t\t\t\t\t<span  >\n\t\t\t\t\t\t\tService\t\t\t\t\t\t<\/span>\n\t\t\t\t\t<\/h4>\n\t\t\t\t\n\t\t\t\t\t\t\t\t\t<p class=\"elementor-icon-box-description\">\n\t\t\t\t\t\tDin tilfredshet er v\u00e5r suksess! Vi g\u00e5r den ekstra mila for \u00e5 sikre at du blir forn\u00f8yd.\t\t\t\t\t<\/p>\n\t\t\t\t\n\t\t\t<\/div>\n\t\t\t\n\t\t<\/div>\n\t\t\t\t\t\t<\/div>\n\t\t\t\t<\/div>\n\t\t\t\t<\/div>\n\t\t<div class=\"elementor-element elementor-element-a649b21 e-con-full e-flex e-con e-child\" data-id=\"a649b21\" data-element_type=\"container\" data-e-type=\"container\">\n\t\t\t\t<div class=\"elementor-element elementor-element-fc85970 elementor-view-stacked elementor-shape-square elementor-position-block-start elementor-mobile-position-block-start elementor-widget elementor-widget-icon-box\" data-id=\"fc85970\" data-element_type=\"widget\" data-e-type=\"widget\" data-widget_type=\"icon-box.default\">\n\t\t\t\t<div class=\"elementor-widget-container\">\n\t\t\t\t\t\t\t<div class=\"elementor-icon-box-wrapper\">\n\n\t\t\t\t\t\t<div class=\"elementor-icon-box-icon\">\n\t\t\t\t<span  class=\"elementor-icon\">\n\t\t\t\t<svg aria-hidden=\"true\" class=\"e-font-icon-svg e-fas-bolt\" viewBox=\"0 0 320 512\" xmlns=\"http:\/\/www.w3.org\/2000\/svg\"><path d=\"M296 160H180.6l42.6-129.8C227.2 15 215.7 0 200 0H56C44 0 33.8 8.9 32.2 20.8l-32 240C-1.7 275.2 9.5 288 24 288h118.7L96.6 482.5c-3.6 15.2 8 29.5 23.3 29.5 8.4 0 16.4-4.4 20.8-12l176-304c9.3-15.9-2.2-36-20.7-36z\"><\/path><\/svg>\t\t\t\t<\/span>\n\t\t\t<\/div>\n\t\t\t\n\t\t\t\t\t\t<div class=\"elementor-icon-box-content\">\n\n\t\t\t\t\t\t\t\t\t<h4 class=\"elementor-icon-box-title\">\n\t\t\t\t\t\t<span  >\n\t\t\t\t\t\t\tKvalitet\t\t\t\t\t\t<\/span>\n\t\t\t\t\t<\/h4>\n\t\t\t\t\n\t\t\t\t\t\t\t\t\t<p class=\"elementor-icon-box-description\">\n\t\t\t\t\t\tHver ledning, bryter og komponent vi bruker er av topp kvalitet\t\t\t\t\t<\/p>\n\t\t\t\t\n\t\t\t<\/div>\n\t\t\t\n\t\t<\/div>\n\t\t\t\t\t\t<\/div>\n\t\t\t\t<\/div>\n\t\t\t\t<\/div>\n\t\t\t\t\t<\/div>\n\t\t\t\t<\/div>\n\t\t<div class=\"elementor-element elementor-element-44a1715 e-flex e-con-boxed e-con e-parent\" data-id=\"44a1715\" data-element_type=\"container\" data-e-type=\"container\" data-settings=\"{&quot;background_background&quot;:&quot;classic&quot;,&quot;shape_divider_top&quot;:&quot;split&quot;}\">\n\t\t\t\t\t<div class=\"e-con-inner\">\n\t\t\t\t<div class=\"elementor-shape elementor-shape-top\" aria-hidden=\"true\" data-negative=\"false\">\n\t\t\t<svg xmlns=\"http:\/\/www.w3.org\/2000\/svg\" viewBox=\"0 0 1000 20\" preserveAspectRatio=\"none\">\n\t<path class=\"elementor-shape-fill\" d=\"M0,0v3c0,0,393.8,0,483.4,0c9.2,0,16.6,7.4,16.6,16.6c0-9.1,7.4-16.6,16.6-16.6C606.2,3,1000,3,1000,3V0H0z\"\/>\n<\/svg>\t\t<\/div>\n\t\t<div class=\"elementor-element elementor-element-dc036fa e-flex e-con-boxed e-con e-child\" data-id=\"dc036fa\" data-element_type=\"container\" data-e-type=\"container\">\n\t\t\t\t\t<div class=\"e-con-inner\">\n\t\t\t\t<div class=\"elementor-element elementor-element-e9705ae elementor-widget elementor-widget-heading\" data-id=\"e9705ae\" data-element_type=\"widget\" data-e-type=\"widget\" data-widget_type=\"heading.default\">\n\t\t\t\t<div class=\"elementor-widget-container\">\n\t\t\t\t\t<h5 class=\"elementor-heading-title elementor-size-default\">Vi hjelper deg gjerne<\/h5>\t\t\t\t<\/div>\n\t\t\t\t<\/div>\n\t\t\t\t<div class=\"elementor-element elementor-element-7cda7e9 elementor-widget elementor-widget-heading\" data-id=\"7cda7e9\" data-element_type=\"widget\" data-e-type=\"widget\" data-widget_type=\"heading.default\">\n\t\t\t\t<div class=\"elementor-widget-container\">\n\t\t\t\t\t<h2 class=\"elementor-heading-title elementor-size-default\">Kontakt oss<\/h2>\t\t\t\t<\/div>\n\t\t\t\t<\/div>\n\t\t\t\t<div class=\"elementor-element elementor-element-ee1156f elementor-widget elementor-widget-text-editor\" data-id=\"ee1156f\" data-element_type=\"widget\" data-e-type=\"widget\" data-widget_type=\"text-editor.default\">\n\t\t\t\t<div class=\"elementor-widget-container\">\n\t\t\t\t\t\t\t\t\t<p>Vi hjelper deg med det meste innen elektro! Kontakt oss i dag for en uforpliktende samtale.<\/p>\t\t\t\t\t\t\t\t<\/div>\n\t\t\t\t<\/div>\n\t\t\t\t<div class=\"elementor-element elementor-element-a85aac7 elementor-align-center elementor-widget elementor-widget-button\" data-id=\"a85aac7\" data-element_type=\"widget\" data-e-type=\"widget\" data-widget_type=\"button.default\">\n\t\t\t\t<div class=\"elementor-widget-container\">\n\t\t\t\t\t\t\t\t\t<div class=\"elementor-button-wrapper\">\n\t\t\t\t\t<a class=\"elementor-button elementor-button-link elementor-size-sm\" href=\"https:\/\/reidartonnessen.no\/?page_id=283\">\n\t\t\t\t\t\t<span class=\"elementor-button-content-wrapper\">\n\t\t\t\t\t\t\t\t\t<span class=\"elementor-button-text\">Kontakt oss<\/span>\n\t\t\t\t\t<\/span>\n\t\t\t\t\t<\/a>\n\t\t\t\t<\/div>\n\t\t\t\t\t\t\t\t<\/div>\n\t\t\t\t<\/div>\n\t\t\t\t\t<\/div>\n\t\t\t\t<\/div>\n\t\t\t\t\t<\/div>\n\t\t\t\t<\/div>\n\t\t\t\t<\/div>\n\t\t","protected":false},"excerpt":{"rendered":"<p>Varmepumper Reidar T\u00f8nnessen Varmepumper \u00d8nsker du en energieffektiv og milj\u00f8vennlig m\u00e5te \u00e5 holde hjemmet ditt varmt p\u00e5? Da er varmepumper l\u00f8sningen, og hos oss er vi eksperter p\u00e5 installasjon og service! Varmepumper gir jevn og behagelig oppvarming, samtidig som de ogs\u00e5 fungerer som effektive kj\u00f8lesystemer om sommeren. Nyt et optimalt inneklima \u00e5ret rundt! Kontakt oss [&hellip;]<\/p>\n","protected":false},"author":1,"featured_media":0,"parent":0,"menu_order":0,"comment_status":"closed","ping_status":"closed","template":"","meta":{"_uag_custom_page_level_css":"","footnotes":""},"class_list":["post-846","page","type-page","status-publish","hentry"],"yoast_head":"<!-- This site is optimized with the Yoast SEO plugin v27.5 - https:\/\/yoast.com\/product\/yoast-seo-wordpress\/ -->\n<title>Varmepumper - Reidar T&oslash;nnesen AS<\/title>\n<meta name=\"robots\" content=\"index, follow, max-snippet:-1, max-image-preview:large, max-video-preview:-1\" \/>\n<link rel=\"canonical\" href=\"https:\/\/reidartonnessen.no\/?page_id=846\" \/>\n<meta property=\"og:locale\" content=\"en_GB\" \/>\n<meta property=\"og:type\" content=\"article\" \/>\n<meta property=\"og:title\" content=\"Varmepumper - Reidar T&oslash;nnesen AS\" \/>\n<meta property=\"og:description\" content=\"Varmepumper Reidar T\u00f8nnessen Varmepumper \u00d8nsker du en energieffektiv og milj\u00f8vennlig m\u00e5te \u00e5 holde hjemmet ditt varmt p\u00e5? Da er varmepumper l\u00f8sningen, og hos oss er vi eksperter p\u00e5 installasjon og service! Varmepumper gir jevn og behagelig oppvarming, samtidig som de ogs\u00e5 fungerer som effektive kj\u00f8lesystemer om sommeren. Nyt et optimalt inneklima \u00e5ret rundt! Kontakt oss [&hellip;]\" \/>\n<meta property=\"og:url\" content=\"https:\/\/reidartonnessen.no\/?page_id=846\" \/>\n<meta property=\"og:site_name\" content=\"Reidar T&oslash;nnesen AS\" \/>\n<meta property=\"article:modified_time\" content=\"2024-03-11T12:42:56+00:00\" \/>\n<meta name=\"twitter:card\" content=\"summary_large_image\" \/>\n<meta name=\"twitter:label1\" content=\"Estimated reading time\" \/>\n\t<meta name=\"twitter:data1\" content=\"1 minute\" \/>\n<script type=\"application\/ld+json\" class=\"yoast-schema-graph\">{\"@context\":\"https:\\\/\\\/schema.org\",\"@graph\":[{\"@type\":\"WebPage\",\"@id\":\"https:\\\/\\\/reidartonnessen.no\\\/?page_id=846\",\"url\":\"https:\\\/\\\/reidartonnessen.no\\\/?page_id=846\",\"name\":\"Varmepumper - Reidar T&oslash;nnesen AS\",\"isPartOf\":{\"@id\":\"https:\\\/\\\/reidartonnessen.no\\\/#website\"},\"datePublished\":\"2024-01-25T13:51:47+00:00\",\"dateModified\":\"2024-03-11T12:42:56+00:00\",\"breadcrumb\":{\"@id\":\"https:\\\/\\\/reidartonnessen.no\\\/?page_id=846#breadcrumb\"},\"inLanguage\":\"en-GB\",\"potentialAction\":[{\"@type\":\"ReadAction\",\"target\":[\"https:\\\/\\\/reidartonnessen.no\\\/?page_id=846\"]}]},{\"@type\":\"BreadcrumbList\",\"@id\":\"https:\\\/\\\/reidartonnessen.no\\\/?page_id=846#breadcrumb\",\"itemListElement\":[{\"@type\":\"ListItem\",\"position\":1,\"name\":\"Home\",\"item\":\"https:\\\/\\\/reidartonnessen.no\\\/\"},{\"@type\":\"ListItem\",\"position\":2,\"name\":\"Varmepumper\"}]},{\"@type\":\"WebSite\",\"@id\":\"https:\\\/\\\/reidartonnessen.no\\\/#website\",\"url\":\"https:\\\/\\\/reidartonnessen.no\\\/\",\"name\":\"Reidar T&oslash;nnesen AS\",\"description\":\"Sabat Byggservice\",\"publisher\":{\"@id\":\"https:\\\/\\\/reidartonnessen.no\\\/#organization\"},\"potentialAction\":[{\"@type\":\"SearchAction\",\"target\":{\"@type\":\"EntryPoint\",\"urlTemplate\":\"https:\\\/\\\/reidartonnessen.no\\\/?s={search_term_string}\"},\"query-input\":{\"@type\":\"PropertyValueSpecification\",\"valueRequired\":true,\"valueName\":\"search_term_string\"}}],\"inLanguage\":\"en-GB\"},{\"@type\":\"Organization\",\"@id\":\"https:\\\/\\\/reidartonnessen.no\\\/#organization\",\"name\":\"Reidar T&oslash;nnesen AS\",\"url\":\"https:\\\/\\\/reidartonnessen.no\\\/\",\"logo\":{\"@type\":\"ImageObject\",\"inLanguage\":\"en-GB\",\"@id\":\"https:\\\/\\\/reidartonnessen.no\\\/#\\\/schema\\\/logo\\\/image\\\/\",\"url\":\"https:\\\/\\\/reidartonnessen.no\\\/wp-content\\\/uploads\\\/2023\\\/12\\\/Logo.png\",\"contentUrl\":\"https:\\\/\\\/reidartonnessen.no\\\/wp-content\\\/uploads\\\/2023\\\/12\\\/Logo.png\",\"width\":1366,\"height\":271,\"caption\":\"Reidar T&oslash;nnesen AS\"},\"image\":{\"@id\":\"https:\\\/\\\/reidartonnessen.no\\\/#\\\/schema\\\/logo\\\/image\\\/\"}}]}<\/script>\n<!-- \/ Yoast SEO plugin. -->","yoast_head_json":{"title":"Varmepumper - Reidar T&oslash;nnesen AS","robots":{"index":"index","follow":"follow","max-snippet":"max-snippet:-1","max-image-preview":"max-image-preview:large","max-video-preview":"max-video-preview:-1"},"canonical":"https:\/\/reidartonnessen.no\/?page_id=846","og_locale":"en_GB","og_type":"article","og_title":"Varmepumper - Reidar T&oslash;nnesen AS","og_description":"Varmepumper Reidar T\u00f8nnessen Varmepumper \u00d8nsker du en energieffektiv og milj\u00f8vennlig m\u00e5te \u00e5 holde hjemmet ditt varmt p\u00e5? Da er varmepumper l\u00f8sningen, og hos oss er vi eksperter p\u00e5 installasjon og service! Varmepumper gir jevn og behagelig oppvarming, samtidig som de ogs\u00e5 fungerer som effektive kj\u00f8lesystemer om sommeren. Nyt et optimalt inneklima \u00e5ret rundt! Kontakt oss [&hellip;]","og_url":"https:\/\/reidartonnessen.no\/?page_id=846","og_site_name":"Reidar T&oslash;nnesen AS","article_modified_time":"2024-03-11T12:42:56+00:00","twitter_card":"summary_large_image","twitter_misc":{"Estimated reading time":"1 minute"},"schema":{"@context":"https:\/\/schema.org","@graph":[{"@type":"WebPage","@id":"https:\/\/reidartonnessen.no\/?page_id=846","url":"https:\/\/reidartonnessen.no\/?page_id=846","name":"Varmepumper - Reidar T&oslash;nnesen AS","isPartOf":{"@id":"https:\/\/reidartonnessen.no\/#website"},"datePublished":"2024-01-25T13:51:47+00:00","dateModified":"2024-03-11T12:42:56+00:00","breadcrumb":{"@id":"https:\/\/reidartonnessen.no\/?page_id=846#breadcrumb"},"inLanguage":"en-GB","potentialAction":[{"@type":"ReadAction","target":["https:\/\/reidartonnessen.no\/?page_id=846"]}]},{"@type":"BreadcrumbList","@id":"https:\/\/reidartonnessen.no\/?page_id=846#breadcrumb","itemListElement":[{"@type":"ListItem","position":1,"name":"Home","item":"https:\/\/reidartonnessen.no\/"},{"@type":"ListItem","position":2,"name":"Varmepumper"}]},{"@type":"WebSite","@id":"https:\/\/reidartonnessen.no\/#website","url":"https:\/\/reidartonnessen.no\/","name":"Reidar T&oslash;nnesen AS","description":"Sabat Byggservice","publisher":{"@id":"https:\/\/reidartonnessen.no\/#organization"},"potentialAction":[{"@type":"SearchAction","target":{"@type":"EntryPoint","urlTemplate":"https:\/\/reidartonnessen.no\/?s={search_term_string}"},"query-input":{"@type":"PropertyValueSpecification","valueRequired":true,"valueName":"search_term_string"}}],"inLanguage":"en-GB"},{"@type":"Organization","@id":"https:\/\/reidartonnessen.no\/#organization","name":"Reidar T&oslash;nnesen AS","url":"https:\/\/reidartonnessen.no\/","logo":{"@type":"ImageObject","inLanguage":"en-GB","@id":"https:\/\/reidartonnessen.no\/#\/schema\/logo\/image\/","url":"https:\/\/reidartonnessen.no\/wp-content\/uploads\/2023\/12\/Logo.png","contentUrl":"https:\/\/reidartonnessen.no\/wp-content\/uploads\/2023\/12\/Logo.png","width":1366,"height":271,"caption":"Reidar T&oslash;nnesen AS"},"image":{"@id":"https:\/\/reidartonnessen.no\/#\/schema\/logo\/image\/"}}]}},"uagb_featured_image_src":{"full":false,"thumbnail":false,"medium":false,"medium_large":false,"large":false,"1536x1536":false,"2048x2048":false},"uagb_author_info":{"display_name":"admin","author_link":"https:\/\/reidartonnessen.no\/?author=1"},"uagb_comment_info":0,"uagb_excerpt":"Varmepumper Reidar T\u00f8nnessen Varmepumper \u00d8nsker du en energieffektiv og milj\u00f8vennlig m\u00e5te \u00e5 holde hjemmet ditt varmt p\u00e5? Da er varmepumper l\u00f8sningen, og hos oss er vi eksperter p\u00e5 installasjon og service! Varmepumper gir jevn og behagelig oppvarming, samtidig som de ogs\u00e5 fungerer som effektive kj\u00f8lesystemer om sommeren. Nyt et optimalt inneklima \u00e5ret rundt! Kontakt oss&hellip;","_links":{"self":[{"href":"https:\/\/reidartonnessen.no\/index.php?rest_route=\/wp\/v2\/pages\/846","targetHints":{"allow":["GET"]}}],"collection":[{"href":"https:\/\/reidartonnessen.no\/index.php?rest_route=\/wp\/v2\/pages"}],"about":[{"href":"https:\/\/reidartonnessen.no\/index.php?rest_route=\/wp\/v2\/types\/page"}],"author":[{"embeddable":true,"href":"https:\/\/reidartonnessen.no\/index.php?rest_route=\/wp\/v2\/users\/1"}],"replies":[{"embeddable":true,"href":"https:\/\/reidartonnessen.no\/index.php?rest_route=%2Fwp%2Fv2%2Fcomments&post=846"}],"version-history":[{"count":10,"href":"https:\/\/reidartonnessen.no\/index.php?rest_route=\/wp\/v2\/pages\/846\/revisions"}],"predecessor-version":[{"id":920,"href":"https:\/\/reidartonnessen.no\/index.php?rest_route=\/wp\/v2\/pages\/846\/revisions\/920"}],"wp:attachment":[{"href":"https:\/\/reidartonnessen.no\/index.php?rest_route=%2Fwp%2Fv2%2Fmedia&parent=846"}],"curies":[{"name":"wp","href":"https:\/\/api.w.org\/{rel}","templated":true}]}}